{"id":5550,"date":"2019-08-06T19:06:53","date_gmt":"2019-08-06T17:06:53","guid":{"rendered":"https:\/\/www.paroisses-paysdecernay.fr\/?page_id=5550"},"modified":"2022-12-13T19:04:35","modified_gmt":"2022-12-13T18:04:35","slug":"eglise-saint-erasme-duffholtz-historique-2","status":"publish","type":"page","link":"https:\/\/www.paroisses-paysdecernay.fr\/?page_id=5550","title":{"rendered":"Eglise Saint-Erasme d&rsquo;Uffholtz : l&rsquo;historique"},"content":{"rendered":"\n<p><br>article mis en ligne le 9\/03\/2008 par Michel Flieg et mis \u00e0 jour le 13\/12\/2022<\/p>\n\n\n\n<p>HISTORIQUE<\/p>\n\n\n\n<figure class=\"wp-block-image is-resized\"><img loading=\"lazy\" decoding=\"async\" src=\"https:\/\/www.paroisses-paysdecernay.fr\/wordpress\/wp-content\/uploads\/2019\/08\/2005_08_08-Uffholtz1-1024x380.jpg\" alt=\"\" class=\"wp-image-5544\" width=\"625\" height=\"231\" srcset=\"https:\/\/www.paroisses-paysdecernay.fr\/wordpress\/wp-content\/uploads\/2019\/08\/2005_08_08-Uffholtz1-1024x380.jpg 1024w, https:\/\/www.paroisses-paysdecernay.fr\/wordpress\/wp-content\/uploads\/2019\/08\/2005_08_08-Uffholtz1-300x111.jpg 300w, https:\/\/www.paroisses-paysdecernay.fr\/wordpress\/wp-content\/uploads\/2019\/08\/2005_08_08-Uffholtz1-768x285.jpg 768w, https:\/\/www.paroisses-paysdecernay.fr\/wordpress\/wp-content\/uploads\/2019\/08\/2005_08_08-Uffholtz1-624x231.jpg 624w, https:\/\/www.paroisses-paysdecernay.fr\/wordpress\/wp-content\/uploads\/2019\/08\/2005_08_08-Uffholtz1.jpg 1807w\" sizes=\"auto, (max-width: 625px) 100vw, 625px\" \/><\/figure>\n\n\n\n<p><strong>La premi\u00e8re \u00e9glise : <\/strong><br>Uffholtz est cit\u00e9 pour la premi\u00e8re fois en 823 comme faisant partie de l&rsquo;abbaye de Murbach. <br>En 1252, Ulrich II de Ferrette et l&rsquo;abb\u00e9 de Murbach s&rsquo;opposent au sujet des droits sur le village d&rsquo;Uffholtz. Il est probable que le premier lieu de culte catholique existait d\u00e8s cette \u00e9poque. <br>Depuis le XV\u00e8me si\u00e8cle, il est attest\u00e9 que l&rsquo;\u00e9glise paroissiale est plac\u00e9e sous le vocable de saint Erasme, \u00e9v\u00eaque et martyr du IV\u00e8me si\u00e8cle. <br>Au d\u00e9but du XIXe si\u00e8cle, l\u2019\u00e9glise se trouve \u00e0 l\u2019emplacement du cimeti\u00e8re actuel. Elle n\u2019a qu\u2019un simulacre de clocher d\u00e9passant \u00e0 peine le toit de l\u2019\u00e9glise et disgracieusement accol\u00e9 contre l\u2019\u00e9difice.<br><strong>La deuxi\u00e8me \u00e9glise :<\/strong><br>En 1825, un nouveau lieu, plus en hauteur, est choisi pour construire l&rsquo;\u00e9glise nouvelle. La population est alors d&rsquo;environ 800 habitants.   <br>Entre 1879 et 1885 l&rsquo;\u00e9glise est agrandie et embellie par deux bas-c\u00f4t\u00e9s allong\u00e9s qui encadrent magnifiquement le clocher.<br>Au cours de la premi\u00e8re guerre mondiale, le village \u00e9tant situ\u00e9 dans la zone du front au <br>pied du Hartmannswillerkopf (Vieil Armand), il est enti\u00e8rement d\u00e9truit et de l&rsquo;\u00e9glise, il ne subsiste bient\u00f4t plus qu&rsquo;un clocher en ruine d&rsquo;une hauteur r\u00e9duite d&rsquo;un bon tiers. <br><strong>La troisi\u00e8me \u00e9glise :<\/strong><br>Le cur\u00e9 Heck venant de Rouffach prend en charge le rel\u00e8vement du village sinistr\u00e9. Il souhaite abattre le clocher et reconstruire l&rsquo;\u00e9glise, mais il n&rsquo;arrive pas \u00e0 gagner les autorit\u00e9s \u00e0 sa cause. On lui demande de remonter les murs en consolidant l&rsquo;existant. En \u00e9change d&rsquo;un baril de bi\u00e8re, il demande alors \u00e0 des artificiers de faire sauter une charge de dynamite \u00e0 1 m\u00e8tre du clocher pour tester la solidit\u00e9 de ce qu&rsquo;il en reste. Le lendemain, il n&rsquo;y a plus pierre sur pierre \u00e0 l&#8217;emplacement du clocher. <br> Il faut bien consentir \u00e0 une reconstruction compl\u00e8te.  <br> Le 4 avril 1924, on pose enfin la premi\u00e8re pierre de l&rsquo;\u00e9glise actuelle, bien plus grande et vaste que celle de 1825. Elle s&rsquo;inspire  de l&rsquo;\u00e9glise de Corbehem (Pas de Calais) avec ses trois trav\u00e9es vo\u00fbt\u00e9es sous un m\u00eame toit.<\/p>\n\n\n\n<p>LA FA\u00c7ADE DE L&rsquo;EGLISE<\/p>\n\n\n\n<div class=\"wp-block-columns has-2-columns is-layout-flex wp-container-core-columns-is-layout-9d6595d7 wp-block-columns-is-layout-flex\">\n<div class=\"wp-block-column is-layout-flow wp-block-column-is-layout-flow\">\n<figure class=\"wp-block-image\"><img loading=\"lazy\" decoding=\"async\" width=\"1024\" height=\"768\" src=\"https:\/\/www.paroisses-paysdecernay.fr\/wordpress\/wp-content\/uploads\/2019\/08\/P1230016-1024x768.jpg\" alt=\"\" class=\"wp-image-5558\" srcset=\"https:\/\/www.paroisses-paysdecernay.fr\/wordpress\/wp-content\/uploads\/2019\/08\/P1230016-1024x768.jpg 1024w, https:\/\/www.paroisses-paysdecernay.fr\/wordpress\/wp-content\/uploads\/2019\/08\/P1230016-300x225.jpg 300w, https:\/\/www.paroisses-paysdecernay.fr\/wordpress\/wp-content\/uploads\/2019\/08\/P1230016-768x576.jpg 768w, https:\/\/www.paroisses-paysdecernay.fr\/wordpress\/wp-content\/uploads\/2019\/08\/P1230016-624x468.jpg 624w, https:\/\/www.paroisses-paysdecernay.fr\/wordpress\/wp-content\/uploads\/2019\/08\/P1230016.jpg 2048w\" sizes=\"auto, (max-width: 1024px) 100vw, 1024px\" \/><\/figure>\n\n\n\n<p> L&rsquo;\u00e9glise Saint-Erasme veille sur le village d&rsquo;Uffholtz nich\u00e9 au creux des vignes.<\/p>\n\n\n\n<p>La fa\u00e7ade principale se dresse sur une petite placette dominant la rue du Ballon.<\/p>\n<\/div>\n\n\n\n<div class=\"wp-block-column is-layout-flow wp-block-column-is-layout-flow\">\n<figure class=\"wp-block-image\"><img loading=\"lazy\" decoding=\"async\" width=\"768\" height=\"1024\" src=\"https:\/\/www.paroisses-paysdecernay.fr\/wordpress\/wp-content\/uploads\/2019\/08\/P3090910-768x1024.jpg\" alt=\"\" class=\"wp-image-5555\" srcset=\"https:\/\/www.paroisses-paysdecernay.fr\/wordpress\/wp-content\/uploads\/2019\/08\/P3090910-768x1024.jpg 768w, https:\/\/www.paroisses-paysdecernay.fr\/wordpress\/wp-content\/uploads\/2019\/08\/P3090910-225x300.jpg 225w, https:\/\/www.paroisses-paysdecernay.fr\/wordpress\/wp-content\/uploads\/2019\/08\/P3090910-624x832.jpg 624w, https:\/\/www.paroisses-paysdecernay.fr\/wordpress\/wp-content\/uploads\/2019\/08\/P3090910.jpg 1536w\" sizes=\"auto, (max-width: 768px) 100vw, 768px\" \/><\/figure>\n\n\n\n<p><\/p>\n<\/div>\n<\/div>\n\n\n\n<div class=\"wp-block-columns is-layout-flex wp-container-core-columns-is-layout-9d6595d7 wp-block-columns-is-layout-flex\">\n<div class=\"wp-block-column is-layout-flow wp-block-column-is-layout-flow\">\n<figure class=\"wp-block-image size-large\"><a href=\"https:\/\/www.paroisses-paysdecernay.fr\/wordpress\/wp-content\/uploads\/2019\/08\/P3140190.jpg\"><img loading=\"lazy\" decoding=\"async\" width=\"1024\" height=\"768\" src=\"https:\/\/www.paroisses-paysdecernay.fr\/wordpress\/wp-content\/uploads\/2019\/08\/P3140190-1024x768.jpg\" alt=\"\" class=\"wp-image-5557\" srcset=\"https:\/\/www.paroisses-paysdecernay.fr\/wordpress\/wp-content\/uploads\/2019\/08\/P3140190-1024x768.jpg 1024w, https:\/\/www.paroisses-paysdecernay.fr\/wordpress\/wp-content\/uploads\/2019\/08\/P3140190-300x225.jpg 300w, https:\/\/www.paroisses-paysdecernay.fr\/wordpress\/wp-content\/uploads\/2019\/08\/P3140190-768x576.jpg 768w, https:\/\/www.paroisses-paysdecernay.fr\/wordpress\/wp-content\/uploads\/2019\/08\/P3140190-624x468.jpg 624w, https:\/\/www.paroisses-paysdecernay.fr\/wordpress\/wp-content\/uploads\/2019\/08\/P3140190.jpg 2048w\" sizes=\"auto, (max-width: 1024px) 100vw, 1024px\" \/><\/a><\/figure>\n<\/div>\n\n\n\n<div class=\"wp-block-column is-layout-flow wp-block-column-is-layout-flow\">\n<p>A gauche de la grande porte se trouve la pierre de fondation. \u00a0\u00bb POSUERUNT ME<br>DIE 21 IV 1924&Prime;<br>\u00a0\u00bb Ils me pos\u00e8rent le 21 avril 1924 \u00ab\u00a0<\/p>\n<\/div>\n<\/div>\n\n\n\n<div class=\"wp-block-columns has-2-columns is-layout-flex wp-container-core-columns-is-layout-9d6595d7 wp-block-columns-is-layout-flex\">\n<div class=\"wp-block-column is-layout-flow wp-block-column-is-layout-flow\">\n<p>Au dessus de la porte principale, en haut-relief, l&rsquo;assomption de Marie, entour\u00e9e de deux anges priant.<br>Trois t\u00eates d&rsquo;angelots dominent la sc\u00e8ne.<br>La sculpture est d&rsquo;Alphonse Rompel sculpteur strasbourgeois.<\/p>\n<\/div>\n\n\n\n<div class=\"wp-block-column is-layout-flow wp-block-column-is-layout-flow\">\n<figure class=\"wp-block-image size-large\"><a href=\"https:\/\/www.paroisses-paysdecernay.fr\/wordpress\/wp-content\/uploads\/2019\/08\/P3090909.jpg\"><img loading=\"lazy\" decoding=\"async\" width=\"768\" height=\"1024\" src=\"https:\/\/www.paroisses-paysdecernay.fr\/wordpress\/wp-content\/uploads\/2019\/08\/P3090909-768x1024.jpg\" alt=\"\" class=\"wp-image-5556\" srcset=\"https:\/\/www.paroisses-paysdecernay.fr\/wordpress\/wp-content\/uploads\/2019\/08\/P3090909-768x1024.jpg 768w, https:\/\/www.paroisses-paysdecernay.fr\/wordpress\/wp-content\/uploads\/2019\/08\/P3090909-225x300.jpg 225w, https:\/\/www.paroisses-paysdecernay.fr\/wordpress\/wp-content\/uploads\/2019\/08\/P3090909-624x832.jpg 624w, https:\/\/www.paroisses-paysdecernay.fr\/wordpress\/wp-content\/uploads\/2019\/08\/P3090909.jpg 1536w\" sizes=\"auto, (max-width: 768px) 100vw, 768px\" \/><\/a><\/figure>\n<\/div>\n<\/div>\n","protected":false},"excerpt":{"rendered":"<p>article mis en ligne le 9\/03\/2008 par Michel Flieg et mis \u00e0 jour le 13\/12\/2022 HISTORIQUE La premi\u00e8re \u00e9glise : Uffholtz est cit\u00e9 pour la premi\u00e8re fois en 823 comme [&hellip;]<\/p>\n","protected":false},"author":1,"featured_media":0,"parent":0,"menu_order":0,"comment_status":"closed","ping_status":"closed","template":"page-templates\/full-width.php","meta":{"footnotes":""},"class_list":["post-5550","page","type-page","status-publish","hentry"],"_links":{"self":[{"href":"https:\/\/www.paroisses-paysdecernay.fr\/wordpress\/index.php?rest_route=\/wp\/v2\/pages\/5550","targetHints":{"allow":["GET"]}}],"collection":[{"href":"https:\/\/www.paroisses-paysdecernay.fr\/wordpress\/index.php?rest_route=\/wp\/v2\/pages"}],"about":[{"href":"https:\/\/www.paroisses-paysdecernay.fr\/wordpress\/index.php?rest_route=\/wp\/v2\/types\/page"}],"author":[{"embeddable":true,"href":"https:\/\/www.paroisses-paysdecernay.fr\/wordpress\/index.php?rest_route=\/wp\/v2\/users\/1"}],"replies":[{"embeddable":true,"href":"https:\/\/www.paroisses-paysdecernay.fr\/wordpress\/index.php?rest_route=%2Fwp%2Fv2%2Fcomments&post=5550"}],"version-history":[{"count":14,"href":"https:\/\/www.paroisses-paysdecernay.fr\/wordpress\/index.php?rest_route=\/wp\/v2\/pages\/5550\/revisions"}],"predecessor-version":[{"id":14635,"href":"https:\/\/www.paroisses-paysdecernay.fr\/wordpress\/index.php?rest_route=\/wp\/v2\/pages\/5550\/revisions\/14635"}],"wp:attachment":[{"href":"https:\/\/www.paroisses-paysdecernay.fr\/wordpress\/index.php?rest_route=%2Fwp%2Fv2%2Fmedia&parent=5550"}],"curies":[{"name":"wp","href":"https:\/\/api.w.org\/{rel}","templated":true}]}}