{"id":7828,"date":"2020-11-12T14:15:05","date_gmt":"2020-11-12T13:15:05","guid":{"rendered":"https:\/\/www.paroisses-paysdecernay.fr\/?page_id=7828"},"modified":"2020-11-12T14:23:29","modified_gmt":"2020-11-12T13:23:29","slug":"politique-de-confidentialite","status":"publish","type":"page","link":"https:\/\/www.paroisses-paysdecernay.fr\/?page_id=7828","title":{"rendered":"Politique de confidentialit\u00e9"},"content":{"rendered":"\n<p>La pr\u00e9sente Politique de confidentialit\u00e9 s\u2019applique aux donn\u00e9es personnelles collect\u00e9es, trait\u00e9es et stock\u00e9es \u00e0 l\u2019occasion de votre utilisation du site internet \u00ab\u00a0www. paroisses-paysdecernay.fr\u00a0\u00bb.<\/p>\n\n\n\n<p>Une donn\u00e9e personnelle est une information se rapportant \u00e0 une personne physique identifi\u00e9e ou identifiable (ex. un nom, pr\u00e9nom, une adresse email, un identifiant unique\u2026).<\/p>\n\n\n\n<p>Nous nous engageons \u00e0 traiter les donn\u00e9es personnelles de nos utilisateurs conform\u00e9ment aux lois et r\u00e8glements applicables, et notamment \u00e0 la loi n\u00b078-17 du 6 janvier 1978 et au R\u00e8glement europ\u00e9en sur la Protection des Donn\u00e9es n\u00b02016\/679 (le \u00ab RGPD \u00bb).<\/p>\n\n\n\n<p><strong>1. Coordonn\u00e9es du responsable de traitement<\/strong><\/p>\n\n\n\n<p>Le responsable de traitement des donn\u00e9es personnelles vous concernant collect\u00e9es lors de votre utilisation du Site Internet est le webmestre de la Communaut\u00e9 de Paroisses du Pays de Cernay au 35 rue des Fabriques 68700 Cernay. <\/p>\n\n\n\n<p>Pour toute question relative \u00e0 la collecte, au traitement et \u00e0 l\u2019utilisation de vos donn\u00e9es personnelles ou pour faire valoir vos droits en mati\u00e8re de protection des donn\u00e9es, vous pouvez contacter le webmestre du site \u00e0 l\u2019adresse suivante :<\/p>\n\n\n\n<p>webmaster@paroisses-paysdecernay.fr<\/p>\n\n\n\n<p><strong>2. Donn\u00e9es personnelles collect\u00e9es par le site \u00ab\u00a0paroisses-paysdecernay.fr\u00a0\u00bb<\/strong><\/p>\n\n\n\n<p><strong><em>Lorsque vous remplissez un formulaire de contact<\/em><\/strong> <br>Le site \u00ab\u00a0paroisses-paysdecernay.fr\u00a0\u00bb collecte et traite les donn\u00e9es personnelles que vous communiquez lorsque vous utilisez les formulaires de contact propos\u00e9s par le site. Ces donn\u00e9es incluent notamment votre nom et pr\u00e9nom et  votre adresse de courriel. <\/p>\n\n\n\n<p>Sauf mention contraire, les informations qui vous sont demand\u00e9es dans les formulaires de collecte accessibles sur le Site Internet (formulaire de demandes d&rsquo;information au webmestre) sont obligatoires. Si vous ne fournissez pas ces informations, vous ne pourrez pas valider le formulaire correspondant et envoyer vos messages .<br><strong><em>Lorsque vous laissez un commentaire<\/em><\/strong><br>Quand vous laissez un commentaire sur notre site web, les donn\u00e9es inscrites dans le formulaire de commentaire, mais aussi votre adresse IP et l\u2019agent utilisateur de votre navigateur sont collect\u00e9s pour nous aider \u00e0 la d\u00e9tection des commentaires ind\u00e9sirables. Lorsque vous d\u00e9posez des commentaires sur notre site, des cookies sont \u00e9galement stock\u00e9s sur votre ordinateur. Cela a pour objectif de vous simplifier la vie, en vous \u00e9vitant de devoir ressaisir votre nom, votre adresse de courriel et l\u2019adresse de votre site si jamais vous souhaitez publier un nouveau commentaire sur le site. <br>Les commentaires des visiteurs peuvent \u00eatre v\u00e9rifi\u00e9s \u00e0 l\u2019aide d\u2019un service automatis\u00e9 de d\u00e9tection des commentaires ind\u00e9sirables.<br>Vous \u00eates responsable de l\u2019exactitude des donn\u00e9es que vous communiquez \u00e0 la Communaut\u00e9 de Paroisses du Pays de Cernay.<br><br><strong><em>Les statistiques et mesures d&rsquo;audience<\/em><\/strong> <br>Les cookies utilis\u00e9s exclusivement pour r\u00e9aliser des statistiques ou mesures d\u2019audience sont anonymes et  ne n\u00e9cessitent pas votre consentement pr\u00e9alable mais vous pouvez vous opposer \u00e0 leur d\u00e9p\u00f4t sur votre terminal.<br>Lors de votre visite sur le Site Internet, un bandeau vous informe de la pr\u00e9sence de ces cookies et vous invite \u00e0 consentir ou non \u00e0 leur stockage sur votre terminal. Ils ne sont stock\u00e9s que si vous les acceptez ou si vous poursuivez votre navigation sur le Site Internet en visitant une seconde page du Site Internet ou en cliquant sur un \u00e9l\u00e9ment du Site Internet.<\/p>\n\n\n\n<p>Vous avez la possibilit\u00e9 de&nbsp;param\u00e9trer la r\u00e9ception de cookies sur votre terminal au moyen de l\u2019option \u00ab pr\u00e9f\u00e9rences Internet \u00bb de votre navigateur. N\u00e9anmoins, le refus de certains cookies peut r\u00e9duire voire rendre impossible votre acc\u00e8s \u00e0 certains services propos\u00e9s sur le Site. Vous pouvez aussi vous opposer \u00e0 l\u2019enregistrement de cookies sur votre terminal en param\u00e9trant votre navigateur.<\/p>\n\n\n\n<p><strong>3. Utilisation de vos donn\u00e9es personnelles<\/strong><\/p>\n\n\n\n<p>La Communaut\u00e9 de Paroisses du Pays de Cernay collecte et traite vos donn\u00e9es personnelles pour les finalit\u00e9s et sur les fondements juridiques d\u00e9crits dans le tableau ci-dessous.<\/p>\n\n\n\n<figure class=\"wp-block-table\"><table><thead><tr><th>Finalit\u00e9 de traitement des donn\u00e9es<\/th><th>Fondement juridique<\/th><\/tr><tr><td>Gestion des messages destin\u00e9s aux diff\u00e9rents responsables de la communaut\u00e9 de paroisse<\/td><td>Mission de la Communaut\u00e9 de Paroisses de  Cernay de r\u00e9pondre aux besoins des paroissiens <\/td><\/tr><tr><td>Gestion des commentaires laiss\u00e9s par les visiteurs du site internet<\/td><td>Int\u00e9r\u00eat l\u00e9gitime de la Communaut\u00e9 de Paroisses de Cernay de recueillir des commentaires des visiteurs du site internet afin d&rsquo;am\u00e9liorer les services rendus par le site internet <\/td><\/tr><tr><td>Analyse des statistiques de fr\u00e9quentation du site internet<\/td><td>Int\u00e9r\u00eat l\u00e9gitime de Communaut\u00e9 de Paroisses de Cernay de recueillir des informations des visiteurs du site internet afin d&rsquo;am\u00e9liorer les services rendus par le site internet<\/td><\/tr><tr><td>Gestion des demandes d\u2019exercice de droits des clients (concernant les droits indiqu\u00e9s \u00e0 l\u2019article pr\u00e9vues \u00e0 l\u2019article 7 ci-dessous)<\/td><td>Obligation l\u00e9gale de la Communaut\u00e9 de Paroisses du Pays de Cernay de r\u00e9pondre aux demandes d\u2019exercice de droits des personnes dont la Communaut\u00e9 de Paroisses du Pays de Cernay traite les donn\u00e9es personnelles.<\/td><\/tr><\/thead><\/table><\/figure>\n\n\n\n<p><strong>4. Destinataires et transferts de vos donn\u00e9es personnelles<\/strong><\/p>\n\n\n\n<p>Les donn\u00e9es personnelles vous concernant sont collect\u00e9es, trait\u00e9es et stock\u00e9es par le webmestre de la Communaut\u00e9 de Paroisses du Pays de Cernay.<\/p>\n\n\n\n<p>Par ailleurs, nous transf\u00e9rons des donn\u00e9es personnelles vous concernant aux prestataires en charge des op\u00e9rations d\u2019h\u00e9bergement du Site Internet ainsi que du stockage de donn\u00e9es. Ce prestataire est la soci\u00e9t\u00e9 Online.net.<\/p>\n\n\n\n<p>A ce titre, vos donn\u00e9es personnelles sont sauvegard\u00e9es et stock\u00e9es en ligne par la soci\u00e9t\u00e9 online.net sur des serveurs partag\u00e9s . Ces fichiers sont chiffr\u00e9s et conserv\u00e9s sur des serveurs s\u00e9curis\u00e9s.<\/p>\n\n\n\n<p><strong>5. Dur\u00e9e de conservation de vos donn\u00e9es personnelles<\/strong><\/p>\n\n\n\n<figure class=\"wp-block-table\"><table><thead><tr><th>Finalit\u00e9s\/Donn\u00e9es<\/th><th>Dur\u00e9e initiale de conservation<\/th><th>Dur\u00e9e d\u2019archivage<\/th><\/tr><\/thead><tbody><tr><td>Gestion des messages destin\u00e9s aux diff\u00e9rents responsables de la communaut\u00e9 de paroisse<\/td><td>dur\u00e9e non-d\u00e9finie<\/td><td>dur\u00e9e de conservation minimale 13 mois<\/td><\/tr><tr><td>Gestion des commentaires laiss\u00e9s par les visiteurs du site internet<\/td><td>dur\u00e9e non-d\u00e9finie<\/td><td>Si vous laissez un commentaire, le commentaire et ses m\u00e9tadonn\u00e9es sont conserv\u00e9s a minima pendant 13 mois. Cela permet de reconna\u00eetre et approuver automatiquement les commentaires suivants au lieu de les laisser dans la file de mod\u00e9ration.<br>Les cookies des personnes laissant des commentaires sont r\u00e9gl\u00e9s pour expirer un an apr\u00e8s leur cr\u00e9ation.<\/td><\/tr><tr><td>Analyse des statistiques de fr\u00e9quentation du site internet<\/td><td>dur\u00e9e non d\u00e9finie<\/td><td>Votre consentement \u00e0 l&rsquo;enregistrement de cookies est valable pendant 13 mois et correspond \u00e0 la dur\u00e9e maximale de conservation de nos cookies. A l\u2019issue de ce d\u00e9lai votre consentement vous sera \u00e0 nouveau demand\u00e9.<\/td><\/tr><tr><td>Gestion des demandes d\u2019exercice de droits des clients (concernant les droits indiqu\u00e9s \u00e0 l\u2019article pr\u00e9vues \u00e0 l\u2019article 7 ci-dessous)<\/td><td>Jusqu\u2019\u00e0 r\u00e9solution amiable d\u00e9finitive d\u2019un pr\u00e9contentieux ou jusqu\u2019\u00e0 \u00e9puisement des voies de recours.<\/td><td>Les protocoles transactionnels et d\u00e9cisions de justice font l\u2019objet d\u2019un archivage d\u00e9finitif lorsqu\u2019ils pr\u00e9sentent un int\u00e9r\u00eat historique pour la Communaut\u00e9 de Paroisses du Pays de Cernay.<\/td><\/tr><\/tbody><\/table><\/figure>\n\n\n\n<p><strong>6. S\u00e9curit\u00e9 de vos donn\u00e9es personnelles<\/strong><\/p>\n\n\n\n<p>Nous nous engageons \u00e0 prot\u00e9ger les donn\u00e9es personnelles que nous recueillons. Pour ce faire, la Communaut\u00e9 de Paroisses du Pays de Cernay veille \u00e0 prendre toutes les mesures physiques, techniques et organisationnelles utiles pour faire obstacle \u00e0 tout traitement non autoris\u00e9 ou illicite, ainsi qu\u2019\u00e0 toute perte, destruction ou d\u00e9gradation accidentelle de vos donn\u00e9es personnelles.<\/p>\n\n\n\n<p><strong>7. Vos droits sur vos donn\u00e9es personnelles<\/strong><\/p>\n\n\n\n<p>Vous pouvez demander \u00e0 acc\u00e9der et obtenir une copie des donn\u00e9es personnelles vous concernant que nous d\u00e9tenons, vous opposer au traitement de ces donn\u00e9es, les faire rectifier ou les faire effacer. Vous disposez \u00e9galement d\u2019un droit \u00e0 la limitation du traitement de vos donn\u00e9es et \u00e0 la portabilit\u00e9 de vos donn\u00e9es. <\/p>\n\n\n\n<p>S\u2019agissant du droit d\u2019opposition, nous attirons particuli\u00e8rement votre attention sur le fait que vous pouvez vous opposer \u00e0 tout moment au(x) traitement(s) de vos donn\u00e9es personnelles fond\u00e9(s) sur la poursuite de nos int\u00e9r\u00eats l\u00e9gitimes.<\/p>\n\n\n\n<p>Pour en savoir plus sur vos droits, vous pouvez consulter le site de la CNIL : https:\/\/www.cnil.fr\/fr\/les-droits-pour-maitriser-vos-donnees-personnelles<\/p>\n\n\n\n<p>Pour exercer vos droits, merci de nous contacter \u00e0 l\u2019adresse suivante :<\/p>\n\n\n\n<p>Communaut\u00e9 de Paroisses du Pays de Cernay<br>\u00e0 l&rsquo;attention du webmestre<br>35 rue des Fabriques<br>68700 Cernay<\/p>\n\n\n\n<p>ou<\/p>\n\n\n\n<p>webmaster@paroisses-paysdecernay.fr<\/p>\n\n\n\n<p>Si vous estimez que vos droits ne sont pas respect\u00e9s, vous pouvez \u00e9galement adresser une r\u00e9clamation \u00e0 la CNIL.<\/p>\n\n\n\n<p><\/p>\n\n\n\n<p><\/p>\n","protected":false},"excerpt":{"rendered":"<p>La pr\u00e9sente Politique de confidentialit\u00e9 s\u2019applique aux donn\u00e9es personnelles collect\u00e9es, trait\u00e9es et stock\u00e9es \u00e0 l\u2019occasion de votre utilisation du site internet \u00ab\u00a0www. paroisses-paysdecernay.fr\u00a0\u00bb. Une donn\u00e9e personnelle est une information se [&hellip;]<\/p>\n","protected":false},"author":1,"featured_media":0,"parent":0,"menu_order":0,"comment_status":"closed","ping_status":"closed","template":"","meta":{"footnotes":""},"class_list":["post-7828","page","type-page","status-publish","hentry"],"_links":{"self":[{"href":"https:\/\/www.paroisses-paysdecernay.fr\/wordpress\/index.php?rest_route=\/wp\/v2\/pages\/7828","targetHints":{"allow":["GET"]}}],"collection":[{"href":"https:\/\/www.paroisses-paysdecernay.fr\/wordpress\/index.php?rest_route=\/wp\/v2\/pages"}],"about":[{"href":"https:\/\/www.paroisses-paysdecernay.fr\/wordpress\/index.php?rest_route=\/wp\/v2\/types\/page"}],"author":[{"embeddable":true,"href":"https:\/\/www.paroisses-paysdecernay.fr\/wordpress\/index.php?rest_route=\/wp\/v2\/users\/1"}],"replies":[{"embeddable":true,"href":"https:\/\/www.paroisses-paysdecernay.fr\/wordpress\/index.php?rest_route=%2Fwp%2Fv2%2Fcomments&post=7828"}],"version-history":[{"count":18,"href":"https:\/\/www.paroisses-paysdecernay.fr\/wordpress\/index.php?rest_route=\/wp\/v2\/pages\/7828\/revisions"}],"predecessor-version":[{"id":7858,"href":"https:\/\/www.paroisses-paysdecernay.fr\/wordpress\/index.php?rest_route=\/wp\/v2\/pages\/7828\/revisions\/7858"}],"wp:attachment":[{"href":"https:\/\/www.paroisses-paysdecernay.fr\/wordpress\/index.php?rest_route=%2Fwp%2Fv2%2Fmedia&parent=7828"}],"curies":[{"name":"wp","href":"https:\/\/api.w.org\/{rel}","templated":true}]}}