{"id":8104,"date":"2020-11-20T16:58:24","date_gmt":"2020-11-20T15:58:24","guid":{"rendered":"https:\/\/www.paroisses-paysdecernay.fr\/?page_id=8104"},"modified":"2020-11-23T12:04:01","modified_gmt":"2020-11-23T11:04:01","slug":"veillees-de-prieres","status":"publish","type":"page","link":"https:\/\/www.paroisses-paysdecernay.fr\/?page_id=8104","title":{"rendered":"Renouveau charismatique"},"content":{"rendered":"\n<p id=\"renouveau\"><strong>Le Renouveau Charismatique<\/strong>  (mise \u00e0 jour du 23 novembre 2020)<\/p>\n\n\n\n<p>\u00ab&nbsp;C\u2019est un courant de gr\u00e2ce pour l\u2019Eglise&nbsp;\u00bb (Pape Fran\u00e7ois) o\u00f9 nous d\u00e9veloppons la gr\u00e2ce de notre bapt\u00eame en accueillant une vie nouvelle dans l\u2019Esprit-Saint.<\/p>\n\n\n\n<p id=\"charisme\"><strong>Les charismes<\/strong><\/p>\n\n\n\n<p>Sont des gr\u00e2ces (cadeaux) sp\u00e9ciales du Saint-Esprit offertes \u00e0 tous, pour le renouvellement et l\u2019\u00e9dification de l\u2019Eglise, dont nous faisons partie (1 Cor 12, 4-11)<\/p>\n\n\n\n<p><strong>Qu&rsquo;est-ce qu&rsquo;un groupe de pri\u00e8re charismatique ? <\/strong><\/p>\n\n\n\n<p>C\u2019est une assembl\u00e9e fraternelle qui aime se retrouver pour chanter, louer, au son de la guitare et de l\u2019orgue, adorer J\u00e9sus dans le Saint-Sacrement expos\u00e9, \u00e9couter la Parole de Dieu, &nbsp;des exhortations, et s\u2019exprimer librement par des pri\u00e8res&nbsp; spontan\u00e9es. <\/p>\n\n\n\n<p>Ces personnes ont v\u00e9cu (ou d\u00e9sirent vivre) l\u2019EFFUSION DU SAINT-ESPRIT&nbsp;.&nbsp; <\/p>\n\n\n\n<p>Nous exer\u00e7ons les charismes proph\u00e9tiques&nbsp;; le Seigneur nous parle au c\u0153ur \u00e0 travers eux. &nbsp;Il console, gu\u00e9rit, rel\u00e8ve, en nous redonnant la paix et la joie.<\/p>\n\n\n\n<figure class=\"wp-block-image size-large is-resized\"><img loading=\"lazy\" decoding=\"async\" src=\"https:\/\/www.paroisses-paysdecernay.fr\/wordpress\/wp-content\/uploads\/2020\/11\/P1060406-1024x683.jpg\" alt=\"\" class=\"wp-image-8148\" width=\"655\" height=\"436\" srcset=\"https:\/\/www.paroisses-paysdecernay.fr\/wordpress\/wp-content\/uploads\/2020\/11\/P1060406-1024x683.jpg 1024w, https:\/\/www.paroisses-paysdecernay.fr\/wordpress\/wp-content\/uploads\/2020\/11\/P1060406-300x200.jpg 300w, https:\/\/www.paroisses-paysdecernay.fr\/wordpress\/wp-content\/uploads\/2020\/11\/P1060406-768x512.jpg 768w, https:\/\/www.paroisses-paysdecernay.fr\/wordpress\/wp-content\/uploads\/2020\/11\/P1060406-1536x1024.jpg 1536w, https:\/\/www.paroisses-paysdecernay.fr\/wordpress\/wp-content\/uploads\/2020\/11\/P1060406-2048x1365.jpg 2048w, https:\/\/www.paroisses-paysdecernay.fr\/wordpress\/wp-content\/uploads\/2020\/11\/P1060406-624x416.jpg 624w\" sizes=\"auto, (max-width: 655px) 100vw, 655px\" \/><figcaption>Photo prise lors d\u2019une grande veill\u00e9e de pri\u00e8re pour les malades<\/figcaption><\/figure>\n\n\n\n<p id=\"effusion\"><strong>Qu&rsquo;est-ce que l&rsquo;effusion du Saint-Esprit ?<\/strong><\/p>\n\n\n\n<p>C\u2019est une d\u00e9marche personnelle o\u00f9 j\u2019accueille J\u00e9sus comme l&rsquo;unique SAUVEUR et SEIGNEUR&nbsp; de ma vie. Les fr\u00e8res et s\u0153urs prient sur moi et demandent \u00e0 l\u2019Esprit-Saint&nbsp; d\u2019embraser mon c\u0153ur au feu de son amour. Les effets de cette pri\u00e8re&nbsp;: faire une rencontre personnelle avec J\u00e9sus, d\u00e9couvrir combien je suis aim\u00e9 personnellement de mon P\u00e8re du ciel, \u00eatre attir\u00e9 par la Parole de Dieu qui devient vivante pour moi, nouveau go\u00fbt pour les sacrements, amour de l\u2019Eglise, et enfin d\u00e9sir d\u2019\u00eatre t\u00e9moin du Christ vivant et ressuscit\u00e9. Les fruits de l\u2019Esprit ( cf Galates 5,22) sont nombreux et font de moi un chr\u00e9tien heureux.<br><br><\/p>\n\n\n\n<p id=\"groupe\"><strong>Le groupe de pri\u00e8re, o\u00f9 puis-je le trouver&nbsp;?<\/strong><\/p>\n\n\n\n<p>A l\u2019\u00e9glise du Saint-Esprit&nbsp; de CERNAY, rue Jean-Paul&nbsp; Carr\u00e8re \/&nbsp;perpendiculaire&nbsp;au faubourg de Colmar, pr\u00e8s du feu tricolore<\/p>\n\n\n\n<p><\/p>\n\n\n\n<p id=\"quand\"><strong>Quand se d\u00e9roule la pri\u00e8re ?<\/strong><\/p>\n\n\n\n<p id=\"prieresautres\"><strong>Tous <\/strong>les lundis soirs, \u00e0 19H30 pri\u00e8re du chapelet pour ceux qui le souhaitent, <br>puis de 20h &nbsp;\u00e0 21h30 &nbsp;Assembl\u00e9e de louange. Toute l\u2019ann\u00e9e, sans interruption.<\/p>\n\n\n\n<figure class=\"wp-block-image size-large\"><img loading=\"lazy\" decoding=\"async\" width=\"1024\" height=\"768\" src=\"https:\/\/www.paroisses-paysdecernay.fr\/wordpress\/wp-content\/uploads\/2020\/11\/cid_CC626B68-799A-431E-8C2C-7D7843B77EEE@home-1024x768.jpg\" alt=\"\" class=\"wp-image-8156\" srcset=\"https:\/\/www.paroisses-paysdecernay.fr\/wordpress\/wp-content\/uploads\/2020\/11\/cid_CC626B68-799A-431E-8C2C-7D7843B77EEE@home-1024x768.jpg 1024w, https:\/\/www.paroisses-paysdecernay.fr\/wordpress\/wp-content\/uploads\/2020\/11\/cid_CC626B68-799A-431E-8C2C-7D7843B77EEE@home-300x225.jpg 300w, https:\/\/www.paroisses-paysdecernay.fr\/wordpress\/wp-content\/uploads\/2020\/11\/cid_CC626B68-799A-431E-8C2C-7D7843B77EEE@home-768x576.jpg 768w, https:\/\/www.paroisses-paysdecernay.fr\/wordpress\/wp-content\/uploads\/2020\/11\/cid_CC626B68-799A-431E-8C2C-7D7843B77EEE@home-1536x1152.jpg 1536w, https:\/\/www.paroisses-paysdecernay.fr\/wordpress\/wp-content\/uploads\/2020\/11\/cid_CC626B68-799A-431E-8C2C-7D7843B77EEE@home-2048x1536.jpg 2048w, https:\/\/www.paroisses-paysdecernay.fr\/wordpress\/wp-content\/uploads\/2020\/11\/cid_CC626B68-799A-431E-8C2C-7D7843B77EEE@home-624x468.jpg 624w\" sizes=\"auto, (max-width: 1024px) 100vw, 1024px\" \/><\/figure>\n\n\n\n<p><strong>T\u00e9moignages<\/strong><\/p>\n\n\n\n<p>Les personnes touch\u00e9es par une parole de connaissance (proph\u00e9tique) t\u00e9moignent de leur gu\u00e9rison, physique ou int\u00e9rieure, ou d\u2019une situation difficile qui s\u2019est arrang\u00e9e.<\/p>\n\n\n\n<p><strong>Sacrement du pardon<\/strong><\/p>\n\n\n\n<p>Chaque lundi, un pr\u00eatre (ils sont 10 \u00e0 se relayer) se tient \u00e0 disposition pour LA CONFESSION, et nous b\u00e9nit avec le Saint-Sacrement en fin de veill\u00e9e.<\/p>\n\n\n\n<figure class=\"wp-block-image size-large\"><img loading=\"lazy\" decoding=\"async\" width=\"1024\" height=\"683\" src=\"https:\/\/www.paroisses-paysdecernay.fr\/wordpress\/wp-content\/uploads\/2020\/11\/P1060337-1024x683.jpg\" alt=\"\" class=\"wp-image-8150\" srcset=\"https:\/\/www.paroisses-paysdecernay.fr\/wordpress\/wp-content\/uploads\/2020\/11\/P1060337-1024x683.jpg 1024w, https:\/\/www.paroisses-paysdecernay.fr\/wordpress\/wp-content\/uploads\/2020\/11\/P1060337-300x200.jpg 300w, https:\/\/www.paroisses-paysdecernay.fr\/wordpress\/wp-content\/uploads\/2020\/11\/P1060337-768x512.jpg 768w, https:\/\/www.paroisses-paysdecernay.fr\/wordpress\/wp-content\/uploads\/2020\/11\/P1060337-1536x1024.jpg 1536w, https:\/\/www.paroisses-paysdecernay.fr\/wordpress\/wp-content\/uploads\/2020\/11\/P1060337-2048x1365.jpg 2048w, https:\/\/www.paroisses-paysdecernay.fr\/wordpress\/wp-content\/uploads\/2020\/11\/P1060337-624x416.jpg 624w\" sizes=\"auto, (max-width: 1024px) 100vw, 1024px\" \/><figcaption>Grande veill\u00e9e de pri\u00e8re avec le P. Karl ELSENER<\/figcaption><\/figure>\n\n\n\n<p><strong>Panier d&rsquo;intentions<\/strong><\/p>\n\n\n\n<p>Une corbeille accueille toutes les intentions de pri\u00e8re qui y sont d\u00e9pos\u00e9es. Ces pri\u00e8res sont envoy\u00e9es \u00e0 une Communaut\u00e9 Religieuse o\u00f9 elles sont d\u00e9pos\u00e9es devant le Saint-Sacrement , et pr\u00e9sent\u00e9es au Seigneur par les religieuses.<\/p>\n\n\n\n<p id=\"propositions\"><br><strong>Autres propositions du groupe<\/strong><\/p>\n\n\n\n<p>*Tous LES PREMIERS lundis du mois a lieu la MESSE DE MARIE QUI DEFAIT LES N\u0152UDS, c\u00e9l\u00e9br\u00e9e par le P. Christophe Sperissen.<\/p>\n\n\n\n<p>*&nbsp; 2 fois par an, au printemps et en automne,&nbsp; a lieu une VEILLEE DE PRIERE POUR LES MALADES, \u00e0 l\u2019\u00e9glise du Centre (\u00e9glise Saint-Etienne).<\/p>\n\n\n\n<p>*&nbsp; le 31 d\u00e9cembre, \u00e0 la Saint-Sylvestre, MESSE charismatique \u00e0 22h, suivie d\u2019une auberge espagnole. Joie assur\u00e9e&nbsp;!<\/p>\n\n\n\n<p><span class=\"has-inline-color has-blue-color\">Pendant le confinement, le groupe de pri\u00e8re se retrouve le lundi soir sur WhatsApp,&nbsp; une application du portable. Si tu veux y participer, il est indispensable d\u2019\u00eatre sur WhatsApp, puis&nbsp; \u00e9cris un message&nbsp;&nbsp; au 06&nbsp;62 65 44 83. La personne te mettra sur&nbsp; \u00ab&nbsp;JONQUILLES&nbsp;\u00bb, il te suffira de suivre le d\u00e9roul\u00e9 de la pri\u00e8re de 19h30 \u00e0 21h30<\/span><\/p>\n","protected":false},"excerpt":{"rendered":"<p>Le Renouveau Charismatique (mise \u00e0 jour du 23 novembre 2020) \u00ab&nbsp;C\u2019est un courant de gr\u00e2ce pour l\u2019Eglise&nbsp;\u00bb (Pape Fran\u00e7ois) o\u00f9 nous d\u00e9veloppons la gr\u00e2ce de notre bapt\u00eame en accueillant une [&hellip;]<\/p>\n","protected":false},"author":1,"featured_media":0,"parent":0,"menu_order":0,"comment_status":"closed","ping_status":"closed","template":"page-templates\/full-width.php","meta":{"footnotes":""},"class_list":["post-8104","page","type-page","status-publish","hentry"],"_links":{"self":[{"href":"https:\/\/www.paroisses-paysdecernay.fr\/wordpress\/index.php?rest_route=\/wp\/v2\/pages\/8104","targetHints":{"allow":["GET"]}}],"collection":[{"href":"https:\/\/www.paroisses-paysdecernay.fr\/wordpress\/index.php?rest_route=\/wp\/v2\/pages"}],"about":[{"href":"https:\/\/www.paroisses-paysdecernay.fr\/wordpress\/index.php?rest_route=\/wp\/v2\/types\/page"}],"author":[{"embeddable":true,"href":"https:\/\/www.paroisses-paysdecernay.fr\/wordpress\/index.php?rest_route=\/wp\/v2\/users\/1"}],"replies":[{"embeddable":true,"href":"https:\/\/www.paroisses-paysdecernay.fr\/wordpress\/index.php?rest_route=%2Fwp%2Fv2%2Fcomments&post=8104"}],"version-history":[{"count":22,"href":"https:\/\/www.paroisses-paysdecernay.fr\/wordpress\/index.php?rest_route=\/wp\/v2\/pages\/8104\/revisions"}],"predecessor-version":[{"id":8171,"href":"https:\/\/www.paroisses-paysdecernay.fr\/wordpress\/index.php?rest_route=\/wp\/v2\/pages\/8104\/revisions\/8171"}],"wp:attachment":[{"href":"https:\/\/www.paroisses-paysdecernay.fr\/wordpress\/index.php?rest_route=%2Fwp%2Fv2%2Fmedia&parent=8104"}],"curies":[{"name":"wp","href":"https:\/\/api.w.org\/{rel}","templated":true}]}}