{"id":9497,"date":"2021-06-02T19:26:14","date_gmt":"2021-06-02T17:26:14","guid":{"rendered":"https:\/\/www.paroisses-paysdecernay.fr\/?page_id=9497"},"modified":"2021-06-02T21:18:08","modified_gmt":"2021-06-02T19:18:08","slug":"sainte-odile-dans-notre-communaute-de-paroisses","status":"publish","type":"page","link":"https:\/\/www.paroisses-paysdecernay.fr\/?page_id=9497","title":{"rendered":"Sainte Odile dans notre Communaut\u00e9 de paroisses"},"content":{"rendered":"\n<p>L&rsquo;arriv\u00e9e des reliques de sainte Odile \u00e0 l&rsquo;\u00e9glise du Saint-Esprit de Cernay le 31 mai 2021<br><style type=\"text\/css\">.easingslider-9500 { max-width: 640px; }.easingslider-9500 .easingslider-image { max-height: 400px; max-width: 640px; }.easingslider-9500 .easingslider-fade-in, .easingslider-fade-out { -webkit-animation-duration: 400ms; -moz-animation-duration: 400ms; animation-duration: 400ms; }<\/style><script type=\"text\/javascript\">window.EasingSlider9500 = {\"width\":640,\"height\":400,\"singleItem\":true,\"items\":1,\"itemsDesktop\":false,\"itemsDesktopSmall\":false,\"itemsTablet\":false,\"itemsTabletSmall\":false,\"itemsMobile\":false,\"responsive\":true,\"lazyLoad\":true,\"autoPlay\":4000,\"slideSpeed\":400,\"navigation\":true,\"navigationText\":[\"\",\"\"],\"pagination\":true,\"autoHeight\":false,\"mouseDrag\":false,\"touchDrag\":false,\"addClassActive\":true,\"transitionStyle\":\"fade\"};<\/script><div data-id=\"9500\" class=\"easingslider easingslider-9500 easingslider-container easingslider-resizing-enabled easingslider-aspect-ratio easingslider-arrows-inside easingslider-pagination-inside easingslider-pagination-bottom-center\"><div class=\"easingslider-slide\"><img decoding=\"async\" src=\"https:\/\/www.paroisses-paysdecernay.fr\/wordpress\/wp-content\/plugins\/easing-slider\/assets\/images\/placeholder-pixel.png\" data-src=\"https:\/\/www.paroisses-paysdecernay.fr\/wordpress\/wp-content\/uploads\/2021\/06\/DSC_7798-scaled-640x400.jpg\" alt=\"\" title=\"\" class=\"easingslider-image easingslider-lazy\" \/><\/div><div class=\"easingslider-slide\"><img decoding=\"async\" src=\"https:\/\/www.paroisses-paysdecernay.fr\/wordpress\/wp-content\/plugins\/easing-slider\/assets\/images\/placeholder-pixel.png\" data-src=\"https:\/\/www.paroisses-paysdecernay.fr\/wordpress\/wp-content\/uploads\/2021\/06\/DSC_7799-scaled-640x400.jpg\" alt=\"\" title=\"\" class=\"easingslider-image easingslider-lazy\" \/><\/div><div class=\"easingslider-slide\"><img decoding=\"async\" src=\"https:\/\/www.paroisses-paysdecernay.fr\/wordpress\/wp-content\/plugins\/easing-slider\/assets\/images\/placeholder-pixel.png\" data-src=\"https:\/\/www.paroisses-paysdecernay.fr\/wordpress\/wp-content\/uploads\/2021\/06\/DSC_7805-scaled-640x400.jpg\" alt=\"\" title=\"\" class=\"easingslider-image easingslider-lazy\" \/><\/div><div class=\"easingslider-slide\"><img decoding=\"async\" src=\"https:\/\/www.paroisses-paysdecernay.fr\/wordpress\/wp-content\/plugins\/easing-slider\/assets\/images\/placeholder-pixel.png\" data-src=\"https:\/\/www.paroisses-paysdecernay.fr\/wordpress\/wp-content\/uploads\/2021\/06\/DSC_7808-scaled-640x400.jpg\" alt=\"\" title=\"\" class=\"easingslider-image easingslider-lazy\" \/><\/div><div class=\"easingslider-slide\"><img decoding=\"async\" src=\"https:\/\/www.paroisses-paysdecernay.fr\/wordpress\/wp-content\/plugins\/easing-slider\/assets\/images\/placeholder-pixel.png\" data-src=\"https:\/\/www.paroisses-paysdecernay.fr\/wordpress\/wp-content\/uploads\/2021\/06\/DSC_7810-scaled-640x400.jpg\" alt=\"\" title=\"\" class=\"easingslider-image easingslider-lazy\" \/><\/div><div class=\"easingslider-slide\"><img decoding=\"async\" src=\"https:\/\/www.paroisses-paysdecernay.fr\/wordpress\/wp-content\/plugins\/easing-slider\/assets\/images\/placeholder-pixel.png\" data-src=\"https:\/\/www.paroisses-paysdecernay.fr\/wordpress\/wp-content\/uploads\/2021\/06\/DSC_7812-scaled-640x400.jpg\" alt=\"\" title=\"\" class=\"easingslider-image easingslider-lazy\" \/><\/div><div class=\"easingslider-slide\"><img decoding=\"async\" src=\"https:\/\/www.paroisses-paysdecernay.fr\/wordpress\/wp-content\/plugins\/easing-slider\/assets\/images\/placeholder-pixel.png\" data-src=\"https:\/\/www.paroisses-paysdecernay.fr\/wordpress\/wp-content\/uploads\/2021\/06\/DSC_7815-scaled-640x400.jpg\" alt=\"\" title=\"\" class=\"easingslider-image easingslider-lazy\" \/><\/div><div class=\"easingslider-slide\"><img decoding=\"async\" src=\"https:\/\/www.paroisses-paysdecernay.fr\/wordpress\/wp-content\/plugins\/easing-slider\/assets\/images\/placeholder-pixel.png\" data-src=\"https:\/\/www.paroisses-paysdecernay.fr\/wordpress\/wp-content\/uploads\/2021\/06\/DSC_7816-scaled-640x400.jpg\" alt=\"\" title=\"\" class=\"easingslider-image easingslider-lazy\" \/><\/div><div class=\"easingslider-slide\"><img decoding=\"async\" src=\"https:\/\/www.paroisses-paysdecernay.fr\/wordpress\/wp-content\/plugins\/easing-slider\/assets\/images\/placeholder-pixel.png\" data-src=\"https:\/\/www.paroisses-paysdecernay.fr\/wordpress\/wp-content\/uploads\/2021\/06\/DSC_7817-scaled-640x400.jpg\" alt=\"\" title=\"\" class=\"easingslider-image easingslider-lazy\" \/><\/div><div class=\"easingslider-slide\"><img decoding=\"async\" src=\"https:\/\/www.paroisses-paysdecernay.fr\/wordpress\/wp-content\/plugins\/easing-slider\/assets\/images\/placeholder-pixel.png\" data-src=\"https:\/\/www.paroisses-paysdecernay.fr\/wordpress\/wp-content\/uploads\/2021\/06\/DSC_7818-scaled-640x400.jpg\" alt=\"\" title=\"\" class=\"easingslider-image easingslider-lazy\" \/><\/div><\/div><br>La chasse contenant les reliques de sainte Odile a sillonn\u00e9 notre communaut\u00e9 de paroisses. Ici \u00e0 Uffholtz :<\/p>\n\n\n<style type=\"text\/css\">.easingslider-9521 { max-width: 640px; }.easingslider-9521 .easingslider-image { max-height: 400px; max-width: 640px; }.easingslider-9521 .easingslider-fade-in, .easingslider-fade-out { -webkit-animation-duration: 400ms; -moz-animation-duration: 400ms; animation-duration: 400ms; }<\/style><script type=\"text\/javascript\">window.EasingSlider9521 = {\"width\":640,\"height\":400,\"singleItem\":true,\"items\":1,\"itemsDesktop\":false,\"itemsDesktopSmall\":false,\"itemsTablet\":false,\"itemsTabletSmall\":false,\"itemsMobile\":false,\"responsive\":true,\"lazyLoad\":true,\"autoPlay\":4000,\"slideSpeed\":400,\"navigation\":true,\"navigationText\":[\"\",\"\"],\"pagination\":true,\"autoHeight\":false,\"mouseDrag\":false,\"touchDrag\":false,\"addClassActive\":true,\"transitionStyle\":\"fade\"};<\/script><div data-id=\"9521\" class=\"easingslider easingslider-9521 easingslider-container easingslider-resizing-enabled easingslider-aspect-ratio easingslider-arrows-inside easingslider-pagination-inside easingslider-pagination-bottom-center\"><div class=\"easingslider-slide\"><img decoding=\"async\" src=\"https:\/\/www.paroisses-paysdecernay.fr\/wordpress\/wp-content\/plugins\/easing-slider\/assets\/images\/placeholder-pixel.png\" data-src=\"https:\/\/www.paroisses-paysdecernay.fr\/wordpress\/wp-content\/uploads\/2021\/06\/IMG_0475-640x400.jpg\" alt=\"\" title=\"\" class=\"easingslider-image easingslider-lazy\" \/><\/div><div class=\"easingslider-slide\"><img decoding=\"async\" src=\"https:\/\/www.paroisses-paysdecernay.fr\/wordpress\/wp-content\/plugins\/easing-slider\/assets\/images\/placeholder-pixel.png\" data-src=\"https:\/\/www.paroisses-paysdecernay.fr\/wordpress\/wp-content\/uploads\/2021\/06\/IMG_0480-640x400.jpg\" alt=\"\" title=\"\" class=\"easingslider-image easingslider-lazy\" \/><\/div><div class=\"easingslider-slide\"><img decoding=\"async\" src=\"https:\/\/www.paroisses-paysdecernay.fr\/wordpress\/wp-content\/plugins\/easing-slider\/assets\/images\/placeholder-pixel.png\" data-src=\"https:\/\/www.paroisses-paysdecernay.fr\/wordpress\/wp-content\/uploads\/2021\/06\/IMG_0482-640x400.jpg\" alt=\"\" title=\"\" class=\"easingslider-image easingslider-lazy\" \/><\/div><div class=\"easingslider-slide\"><img decoding=\"async\" src=\"https:\/\/www.paroisses-paysdecernay.fr\/wordpress\/wp-content\/plugins\/easing-slider\/assets\/images\/placeholder-pixel.png\" data-src=\"https:\/\/www.paroisses-paysdecernay.fr\/wordpress\/wp-content\/uploads\/2021\/06\/IMG_0486-640x400.jpg\" alt=\"\" title=\"\" class=\"easingslider-image easingslider-lazy\" \/><\/div><\/div>\n\n\n\n<p><\/p>\n","protected":false},"excerpt":{"rendered":"<p>L&rsquo;arriv\u00e9e des reliques de sainte Odile \u00e0 l&rsquo;\u00e9glise du Saint-Esprit de Cernay le 31 mai 2021 La chasse contenant les reliques de sainte Odile a sillonn\u00e9 notre communaut\u00e9 de paroisses. [&hellip;]<\/p>\n","protected":false},"author":1,"featured_media":0,"parent":0,"menu_order":0,"comment_status":"closed","ping_status":"closed","template":"page-templates\/full-width.php","meta":{"footnotes":""},"class_list":["post-9497","page","type-page","status-publish","hentry"],"_links":{"self":[{"href":"https:\/\/www.paroisses-paysdecernay.fr\/wordpress\/index.php?rest_route=\/wp\/v2\/pages\/9497","targetHints":{"allow":["GET"]}}],"collection":[{"href":"https:\/\/www.paroisses-paysdecernay.fr\/wordpress\/index.php?rest_route=\/wp\/v2\/pages"}],"about":[{"href":"https:\/\/www.paroisses-paysdecernay.fr\/wordpress\/index.php?rest_route=\/wp\/v2\/types\/page"}],"author":[{"embeddable":true,"href":"https:\/\/www.paroisses-paysdecernay.fr\/wordpress\/index.php?rest_route=\/wp\/v2\/users\/1"}],"replies":[{"embeddable":true,"href":"https:\/\/www.paroisses-paysdecernay.fr\/wordpress\/index.php?rest_route=%2Fwp%2Fv2%2Fcomments&post=9497"}],"version-history":[{"count":4,"href":"https:\/\/www.paroisses-paysdecernay.fr\/wordpress\/index.php?rest_route=\/wp\/v2\/pages\/9497\/revisions"}],"predecessor-version":[{"id":9523,"href":"https:\/\/www.paroisses-paysdecernay.fr\/wordpress\/index.php?rest_route=\/wp\/v2\/pages\/9497\/revisions\/9523"}],"wp:attachment":[{"href":"https:\/\/www.paroisses-paysdecernay.fr\/wordpress\/index.php?rest_route=%2Fwp%2Fv2%2Fmedia&parent=9497"}],"curies":[{"name":"wp","href":"https:\/\/api.w.org\/{rel}","templated":true}]}}